{"id":108,"date":"2022-02-09T15:06:07","date_gmt":"2022-02-09T15:06:07","guid":{"rendered":"http:\/\/s898258406.mialojamiento.es\/?page_id=108"},"modified":"2022-03-07T10:57:01","modified_gmt":"2022-03-07T10:57:01","slug":"eventos","status":"publish","type":"page","link":"https:\/\/calaclemence.com\/?page_id=108","title":{"rendered":"EVENTOS"},"content":{"rendered":"<p>[et_pb_section fb_built=\u00bb1&#8243; next_background_color=\u00bb#ffffff\u00bb _builder_version=\u00bb4.14.8&#8243; _module_preset=\u00bbdefault\u00bb background_color=\u00bbrgba(0,0,0,0.51)\u00bb background_image=\u00bbhttps:\/\/calaclemence.com\/wp-content\/uploads\/2022\/02\/IMG_8944-scaled.jpg\u00bb background_blend=\u00bbdarken\u00bb custom_padding=\u00bb10%||10%||false|false\u00bb top_divider_height_tablet=\u00bb\u00bb top_divider_height_phone=\u00bb\u00bb top_divider_height_last_edited=\u00bbon|phone\u00bb bottom_divider_style=\u00bbwave2&#8243; bottom_divider_height=\u00bb51px\u00bb hover_enabled=\u00bb0&#8243; global_colors_info=\u00bb{}\u00bb background_position=\u00bbbottom_center\u00bb sticky_enabled=\u00bb0&#8243;][et_pb_row _builder_version=\u00bb4.14.7&#8243; _module_preset=\u00bbdefault\u00bb global_colors_info=\u00bb{}\u00bb][et_pb_column type=\u00bb4_4&#8243; _builder_version=\u00bb4.14.7&#8243; _module_preset=\u00bbdefault\u00bb global_colors_info=\u00bb{}\u00bb][et_pb_text _builder_version=\u00bb4.14.7&#8243; _module_preset=\u00bbdefault\u00bb header_text_align=\u00bbright\u00bb header_text_color=\u00bb#FFFFFF\u00bb header_font_size=\u00bb80px\u00bb text_orientation=\u00bbright\u00bb custom_padding=\u00bb||||false|false\u00bb header_text_align_tablet=\u00bbcenter\u00bb header_text_align_phone=\u00bbcenter\u00bb header_text_align_last_edited=\u00bbon|phone\u00bb global_colors_info=\u00bb{}\u00bb]<\/p>\n<h1>Eventos<\/h1>\n<p>[\/et_pb_text][\/et_pb_column][\/et_pb_row][et_pb_row _builder_version=\u00bb4.14.7&#8243; _module_preset=\u00bbdefault\u00bb global_colors_info=\u00bb{}\u00bb][et_pb_column type=\u00bb4_4&#8243; _builder_version=\u00bb4.14.7&#8243; _module_preset=\u00bbdefault\u00bb global_colors_info=\u00bb{}\u00bb][et_pb_button button_url=\u00bb\/contacto\u00bb button_text=\u00bbCONTACTAR\u00bb button_alignment=\u00bbright\u00bb button_alignment_tablet=\u00bbcenter\u00bb button_alignment_phone=\u00bbcenter\u00bb button_alignment_last_edited=\u00bbon|phone\u00bb _builder_version=\u00bb4.14.7&#8243; _module_preset=\u00bbdefault\u00bb custom_button=\u00bbon\u00bb button_text_color=\u00bb#FFFFFF\u00bb global_colors_info=\u00bb{}\u00bb][\/et_pb_button][\/et_pb_column][\/et_pb_row][\/et_pb_section][et_pb_section fb_built=\u00bb1&#8243; custom_padding_last_edited=\u00bbon|tablet\u00bb module_id=\u00bbquienessomos\u00bb _builder_version=\u00bb3.29.3&#8243; background_blend=\u00bboverlay\u00bb custom_padding=\u00bb0px|0px|0px|0px|true|false\u00bb custom_padding_tablet=\u00bb0px||\u00bb custom_padding_phone=\u00bb0px||\u00bb locked=\u00bboff\u00bb global_colors_info=\u00bb{}\u00bb][et_pb_row column_structure=\u00bb1_2,1_2&#8243; use_custom_gutter=\u00bbon\u00bb gutter_width=\u00bb1&#8243; make_equal=\u00bbon\u00bb padding_top_bottom_link_1=\u00bbtrue\u00bb module_class=\u00bb et_pb_row_fullwidth\u00bb _builder_version=\u00bb4.14.7&#8243; width=\u00bb100%\u00bb width_tablet=\u00bb100%\u00bb width_phone=\u00bb\u00bb width_last_edited=\u00bbon|desktop\u00bb max_width=\u00bb100%\u00bb max_width_tablet=\u00bb100%\u00bb max_width_phone=\u00bb\u00bb max_width_last_edited=\u00bbon|desktop\u00bb custom_padding=\u00bb0||0||true|false\u00bb make_fullwidth=\u00bbon\u00bb global_colors_info=\u00bb{}\u00bb][et_pb_column type=\u00bb1_2&#8243; _builder_version=\u00bb3.25&#8243; custom_padding=\u00bb5%|10%|5%|10%\u00bb global_colors_info=\u00bb{}\u00bb custom_padding__hover=\u00bb|||\u00bb][et_pb_text _builder_version=\u00bb4.14.7&#8243; text_font=\u00bbDosis|300|||||||\u00bb text_text_color=\u00bb#000000&#8243; text_font_size=\u00bb63px\u00bb text_line_height=\u00bb60px\u00bb header_font=\u00bbAmarante||||||||\u00bb header_2_font_size=\u00bb43px\u00bb custom_margin=\u00bb||1%||false|false\u00bb custom_margin_tablet=\u00bb||5%\u00bb custom_margin_phone=\u00bb||5%\u00bb custom_margin_last_edited=\u00bbon|tablet\u00bb animation_style=\u00bbslide\u00bb text_font_size_tablet=\u00bb50px\u00bb text_font_size_phone=\u00bb30px\u00bb text_font_size_last_edited=\u00bbon|desktop\u00bb text_line_height_tablet=\u00bb55px\u00bb text_line_height_phone=\u00bb35px\u00bb text_line_height_last_edited=\u00bbon|tablet\u00bb global_colors_info=\u00bb{}\u00bb]<\/p>\n<h2 style=\"text-align: center;\"><span>Cala Clemence es un anfitri\u00f3n experimentado en eventos y bodas especiales en primera l\u00ednea del mar Mediterr\u00e1neo.<\/span><\/h2>\n<p>[\/et_pb_text][et_pb_image src=\u00bbhttps:\/\/calaclemence.com\/wp-content\/uploads\/2022\/02\/poisson-fond-transparent-1000&#215;3791-1.png\u00bb align=\u00bbcenter\u00bb _builder_version=\u00bb4.14.8&#8243; width=\u00bb13%\u00bb custom_margin=\u00bb||2%||false|false\u00bb hover_enabled=\u00bb0&#8243; global_colors_info=\u00bb{}\u00bb title_text=\u00bbpoisson-fond-transparent-1000&#215;379%911%93&#8243; sticky_enabled=\u00bb0&#8243;][\/et_pb_image][et_pb_text _builder_version=\u00bb4.14.7&#8243; text_font=\u00bbOpen Sans|300|||||||\u00bb text_text_color=\u00bb#000000&#8243; text_font_size=\u00bb16px\u00bb text_line_height=\u00bb1.9em\u00bb animation_style=\u00bbslide\u00bb animation_direction=\u00bbright\u00bb text_font_size_tablet=\u00bb18px\u00bb text_font_size_phone=\u00bb16px\u00bb text_font_size_last_edited=\u00bbon|desktop\u00bb text_line_height_tablet=\u00bb1.9em\u00bb text_line_height_phone=\u00bb1.9em\u00bb text_line_height_last_edited=\u00bbon|desktop\u00bb global_colors_info=\u00bb{}\u00bb]Es el lugar perfecto para <strong>celebraciones y eventos <\/strong>\u00fanicos en la playa, con el mar de fondo.<\/p>\n<p>Nos dedicamos al alquiler de un espacio exclusivo para cualquier <strong>fiesta <\/strong>especial como una <strong>boda, cumplea\u00f1os, aniversario de bodas, comuniones, inauguraciones, cocktails, bodas de sangre, bodas de plata, bodas de oro, bautizos, reuniones, seminarios<\/strong> \u2026 Enmarca tu evento en el id\u00edlico paisaje de una cala con mucho encanto, rodeada de una vegetaci\u00f3n salvaje y con aguas transparentes color turquesa.<\/p>\n<p>Disfrutar\u00e1s de una velada \u00fanica que transportar\u00e1 a tus invitados al para\u00edso.[\/et_pb_text][\/et_pb_column][et_pb_column type=\u00bb1_2&#8243; _builder_version=\u00bb4.14.7&#8243; background_enable_image=\u00bboff\u00bb custom_padding=\u00bb|||\u00bb animation_style=\u00bbfade\u00bb global_colors_info=\u00bb{}\u00bb custom_padding__hover=\u00bb|||\u00bb][et_pb_divider color=\u00bbrgba(0,0,0,0)\u00bb _builder_version=\u00bb4.4.2&#8243; height=\u00bb49px\u00bb custom_padding=\u00bb||76px|||\u00bb global_colors_info=\u00bb{}\u00bb][\/et_pb_divider][et_pb_image src=\u00bbhttps:\/\/calaclemence.com\/wp-content\/uploads\/2022\/02\/thewedery-26-1-scaled.jpg\u00bb title_text=\u00bbthewedery-26&#8243; _builder_version=\u00bb4.14.8&#8243; _module_preset=\u00bbdefault\u00bb width=\u00bb74%\u00bb max_width=\u00bb74%\u00bb module_alignment=\u00bbleft\u00bb global_colors_info=\u00bb{}\u00bb][\/et_pb_image][\/et_pb_column][\/et_pb_row][\/et_pb_section][et_pb_section fb_built=\u00bb1&#8243; specialty=\u00bbon\u00bb _builder_version=\u00bb4.14.7&#8243; _module_preset=\u00bbdefault\u00bb width=\u00bb100%\u00bb max_width=\u00bb100%\u00bb inner_width=\u00bb100%\u00bb inner_max_width=\u00bb1395px\u00bb custom_padding=\u00bb||0px|||\u00bb global_colors_info=\u00bb{}\u00bb][et_pb_column type=\u00bb1_4&#8243; _builder_version=\u00bb3.25&#8243; custom_padding=\u00bb|||\u00bb global_colors_info=\u00bb{}\u00bb custom_padding__hover=\u00bb|||\u00bb][et_pb_text _builder_version=\u00bb4.14.7&#8243; _module_preset=\u00bbdefault\u00bb text_font_size=\u00bb26px\u00bb text_orientation=\u00bbcenter\u00bb global_colors_info=\u00bb{}\u00bb]Ceremonia &#8211; Playa[\/et_pb_text][et_pb_image src=\u00bbhttps:\/\/calaclemence.com\/wp-content\/uploads\/2022\/02\/IMG_7329-scaled.jpg\u00bb title_text=\u00bbIMG_7329&#8243; url=\u00bb#\u00bb use_overlay=\u00bbon\u00bb overlay_icon_color=\u00bb#FFFFFF\u00bb hover_overlay_color=\u00bbrgba(15,156,155,0.53)\u00bb _builder_version=\u00bb4.14.8&#8243; _module_preset=\u00bbdefault\u00bb global_colors_info=\u00bb{}\u00bb][\/et_pb_image][\/et_pb_column][et_pb_column type=\u00bb1_2&#8243; specialty_columns=\u00bb2&#8243; _builder_version=\u00bb3.25&#8243; custom_padding=\u00bb|||\u00bb global_colors_info=\u00bb{}\u00bb custom_padding__hover=\u00bb|||\u00bb][et_pb_row_inner _builder_version=\u00bb4.14.7&#8243; _module_preset=\u00bbdefault\u00bb global_colors_info=\u00bb{}\u00bb][et_pb_column_inner saved_specialty_column_type=\u00bb1_2&#8243; _builder_version=\u00bb4.14.7&#8243; _module_preset=\u00bbdefault\u00bb global_colors_info=\u00bb{}\u00bb][et_pb_text _builder_version=\u00bb4.14.7&#8243; _module_preset=\u00bbdefault\u00bb text_font_size=\u00bb26px\u00bb text_orientation=\u00bbcenter\u00bb min_height=\u00bb60.8px\u00bb global_colors_info=\u00bb{}\u00bb]Hippie Chic &#8211; Playa[\/et_pb_text][et_pb_image src=\u00bbhttps:\/\/calaclemence.com\/wp-content\/uploads\/2022\/02\/thewedery-novia-4.jpg\u00bb title_text=\u00bbthewedery-novia-4&#8243; url=\u00bb#\u00bb use_overlay=\u00bbon\u00bb overlay_icon_color=\u00bb#FFFFFF\u00bb hover_overlay_color=\u00bbrgba(15,156,155,0.53)\u00bb _builder_version=\u00bb4.14.8&#8243; _module_preset=\u00bbdefault\u00bb custom_margin=\u00bb10px||||false|false\u00bb global_colors_info=\u00bb{}\u00bb][\/et_pb_image][\/et_pb_column_inner][\/et_pb_row_inner][\/et_pb_column][et_pb_column type=\u00bb1_4&#8243; _builder_version=\u00bb3.25&#8243; custom_padding=\u00bb|||\u00bb global_colors_info=\u00bb{}\u00bb custom_padding__hover=\u00bb|||\u00bb][et_pb_text _builder_version=\u00bb4.14.7&#8243; _module_preset=\u00bbdefault\u00bb text_font_size=\u00bb26px\u00bb text_orientation=\u00bbcenter\u00bb global_colors_info=\u00bb{}\u00bb]Boda Original[\/et_pb_text][et_pb_image src=\u00bbhttps:\/\/calaclemence.com\/wp-content\/uploads\/2022\/02\/Estudi-la-font-1-scaled.jpg\u00bb title_text=\u00bbEstudi la font (1)\u00bb url=\u00bb#\u00bb use_overlay=\u00bbon\u00bb overlay_icon_color=\u00bb#FFFFFF\u00bb hover_overlay_color=\u00bbrgba(15,156,155,0.53)\u00bb _builder_version=\u00bb4.14.8&#8243; _module_preset=\u00bbdefault\u00bb global_colors_info=\u00bb{}\u00bb][\/et_pb_image][\/et_pb_column][\/et_pb_section][et_pb_section fb_built=\u00bb1&#8243; _builder_version=\u00bb4.14.7&#8243; _module_preset=\u00bbdefault\u00bb custom_padding=\u00bb0px|||||\u00bb global_colors_info=\u00bb{}\u00bb][et_pb_row column_structure=\u00bb1_4,1_4,1_4,1_4&#8243; _builder_version=\u00bb4.14.7&#8243; _module_preset=\u00bbdefault\u00bb max_width=\u00bb1395px\u00bb global_colors_info=\u00bb{}\u00bb][et_pb_column type=\u00bb1_4&#8243; _builder_version=\u00bb4.14.7&#8243; _module_preset=\u00bbdefault\u00bb global_colors_info=\u00bb{}\u00bb][et_pb_image src=\u00bbhttps:\/\/calaclemence.com\/wp-content\/uploads\/2022\/02\/pez-azul-nuevo-1.png\u00bb title_text=\u00bbpez-azul-nuevo\u00bb align=\u00bbright\u00bb _builder_version=\u00bb4.14.8&#8243; _module_preset=\u00bbdefault\u00bb width=\u00bb50%\u00bb max_width=\u00bb50%\u00bb global_colors_info=\u00bb{}\u00bb][\/et_pb_image][\/et_pb_column][et_pb_column type=\u00bb1_4&#8243; _builder_version=\u00bb4.14.7&#8243; _module_preset=\u00bbdefault\u00bb global_colors_info=\u00bb{}\u00bb][et_pb_text _builder_version=\u00bb4.14.7&#8243; _module_preset=\u00bbdefault\u00bb text_font_size=\u00bb26px\u00bb text_orientation=\u00bbcenter\u00bb global_colors_info=\u00bb{}\u00bb]Boda Boho Beach[\/et_pb_text][et_pb_image src=\u00bbhttps:\/\/calaclemence.com\/wp-content\/uploads\/2022\/02\/IMG_8926-scaled.jpg\u00bb title_text=\u00bbIMG_8926&#8243; url=\u00bb#\u00bb use_overlay=\u00bbon\u00bb overlay_icon_color=\u00bb#FFFFFF\u00bb hover_overlay_color=\u00bbrgba(15,156,155,0.53)\u00bb _builder_version=\u00bb4.14.8&#8243; _module_preset=\u00bbdefault\u00bb global_colors_info=\u00bb{}\u00bb][\/et_pb_image][\/et_pb_column][et_pb_column type=\u00bb1_4&#8243; _builder_version=\u00bb4.14.7&#8243; _module_preset=\u00bbdefault\u00bb global_colors_info=\u00bb{}\u00bb][et_pb_text _builder_version=\u00bb4.14.7&#8243; _module_preset=\u00bbdefault\u00bb text_font_size=\u00bb26px\u00bb text_orientation=\u00bbcenter\u00bb global_colors_info=\u00bb{}\u00bb]Boda Informal[\/et_pb_text][et_pb_image src=\u00bbhttps:\/\/calaclemence.com\/wp-content\/uploads\/2022\/02\/t30_2394317.jpg\u00bb title_text=\u00bbt30_2394317&#8243; url=\u00bb#\u00bb use_overlay=\u00bbon\u00bb overlay_icon_color=\u00bb#FFFFFF\u00bb hover_overlay_color=\u00bbrgba(15,156,155,0.53)\u00bb _builder_version=\u00bb4.14.8&#8243; _module_preset=\u00bbdefault\u00bb global_colors_info=\u00bb{}\u00bb][\/et_pb_image][\/et_pb_column][et_pb_column type=\u00bb1_4&#8243; _builder_version=\u00bb4.14.7&#8243; _module_preset=\u00bbdefault\u00bb custom_css_main_element=\u00bb||\u00bb global_colors_info=\u00bb{}\u00bb][et_pb_image src=\u00bbhttps:\/\/calaclemence.com\/wp-content\/uploads\/2022\/02\/pez-azul-nuevo-e1645787854663.png\u00bb title_text=\u00bbpez-azul-nuevo\u00bb _builder_version=\u00bb4.14.8&#8243; _module_preset=\u00bbdefault\u00bb width=\u00bb50%\u00bb max_width=\u00bb50%\u00bb global_colors_info=\u00bb{}\u00bb][\/et_pb_image][\/et_pb_column][\/et_pb_row][\/et_pb_section][et_pb_section fb_built=\u00bb1&#8243; _builder_version=\u00bb4.14.7&#8243; _module_preset=\u00bbdefault\u00bb background_color=\u00bb#83cbca\u00bb global_colors_info=\u00bb{}\u00bb][et_pb_row column_structure=\u00bb1_4,1_2,1_4&#8243; _builder_version=\u00bb4.14.7&#8243; _module_preset=\u00bbdefault\u00bb max_width=\u00bb1395px\u00bb global_colors_info=\u00bb{}\u00bb][et_pb_column type=\u00bb1_4&#8243; _builder_version=\u00bb4.14.7&#8243; _module_preset=\u00bbdefault\u00bb global_colors_info=\u00bb{}\u00bb][et_pb_image src=\u00bbhttps:\/\/calaclemence.com\/wp-content\/uploads\/2022\/02\/poisson-fond-transparent-1000&#215;3791-1.png\u00bb title_text=\u00bbpoisson-fond-transparent-1000&#215;379%911%93&#8243; _builder_version=\u00bb4.14.8&#8243; _module_preset=\u00bbdefault\u00bb width=\u00bb40%\u00bb max_width=\u00bb40%\u00bb module_alignment=\u00bbright\u00bb global_colors_info=\u00bb{}\u00bb][\/et_pb_image][\/et_pb_column][et_pb_column type=\u00bb1_2&#8243; _builder_version=\u00bb4.14.7&#8243; _module_preset=\u00bbdefault\u00bb global_colors_info=\u00bb{}\u00bb][et_pb_text _builder_version=\u00bb4.14.7&#8243; text_font=\u00bbOpen Sans||||||||\u00bb text_text_color=\u00bb#FFFFFF\u00bb text_font_size=\u00bb16px\u00bb text_line_height=\u00bb1.9em\u00bb header_4_font=\u00bbABeeZee||||||||\u00bb header_4_text_align=\u00bbcenter\u00bb header_4_text_color=\u00bb#FFFFFF\u00bb header_4_font_size=\u00bb42px\u00bb text_orientation=\u00bbcenter\u00bb animation_style=\u00bbslide\u00bb animation_direction=\u00bbright\u00bb text_font_size_tablet=\u00bb18px\u00bb text_font_size_phone=\u00bb16px\u00bb text_font_size_last_edited=\u00bbon|desktop\u00bb text_line_height_tablet=\u00bb1.9em\u00bb text_line_height_phone=\u00bb1.9em\u00bb text_line_height_last_edited=\u00bbon|desktop\u00bb global_colors_info=\u00bb{}\u00bb]<\/p>\n<h4>Bodas<\/h4>\n<p>En Cala Clemence disfrutar\u00e1s de tu boda inolvidable con una emotiva ceremonia en la playa.<\/p>\n<p>Organizamos tu evento hippie-chic en la <strong>playa<\/strong>, poniendo a disposici\u00f3n de las parejas todo tipo de servicios, como <strong>wedding planner, profesionales de catering para bodas, fot\u00f3grafo de boda, videos de bodas, musica para bodas<\/strong>, etc.,<\/p>\n<p>En cuanto a la <strong>decoraci\u00f3n de las mesas<\/strong>, sillas, manteler\u00eda, cuberter\u00eda, cristaler\u00eda y vajilla, nos adaptamos a tus necesidades para hacer de tu <strong>boda o celebraci\u00f3n un evento \u00fanico<\/strong>.<\/p>\n<p>Nuestra filosof\u00eda es acompa\u00f1arte en todo momento. Ayudamos a dise\u00f1ar <strong>bodas originales, bodas inolvidables, bodas bohemias<\/strong>, donde acompa\u00f1en siempre esa sensaci\u00f3n de libertad, pureza y naturalidad.[\/et_pb_text][\/et_pb_column][et_pb_column type=\u00bb1_4&#8243; _builder_version=\u00bb4.14.7&#8243; _module_preset=\u00bbdefault\u00bb global_colors_info=\u00bb{}\u00bb][et_pb_image src=\u00bbhttps:\/\/calaclemence.com\/wp-content\/uploads\/2022\/02\/poisson-fond-blanc-1000&#215;379-2-2.png\u00bb title_text=\u00bbpoisson-fond-blanc-1000&#215;379 (2)\u00bb _builder_version=\u00bb4.14.8&#8243; _module_preset=\u00bbdefault\u00bb width=\u00bb40%\u00bb max_width=\u00bb40%\u00bb global_colors_info=\u00bb{}\u00bb][\/et_pb_image][\/et_pb_column][\/et_pb_row][et_pb_row _builder_version=\u00bb4.14.7&#8243; _module_preset=\u00bbdefault\u00bb global_colors_info=\u00bb{}\u00bb][et_pb_column type=\u00bb4_4&#8243; _builder_version=\u00bb4.14.7&#8243; _module_preset=\u00bbdefault\u00bb global_colors_info=\u00bb{}\u00bb][et_pb_text _builder_version=\u00bb4.14.7&#8243; _module_preset=\u00bbdefault\u00bb text_text_color=\u00bb#FFFFFF\u00bb text_font_size=\u00bb18px\u00bb text_orientation=\u00bbcenter\u00bb global_colors_info=\u00bb{}\u00bb]<\/p>\n<p>Reserva para <strong>eventos o grupos<\/strong> contactar con:<\/p>\n<p><strong><span style=\"color: #ffffff;\"><a href=\"mailto:contact@calaclemence.com\" style=\"color: #ffffff;\">contact@calaclemence.com<\/a><\/span><\/strong><\/p>\n<p>[\/et_pb_text][\/et_pb_column][\/et_pb_row][\/et_pb_section]<\/p>\n","protected":false},"excerpt":{"rendered":"<p>EventosCala Clemence es un anfitri\u00f3n experimentado en eventos y bodas especiales en primera l\u00ednea del mar Mediterr\u00e1neo.Es el lugar perfecto para celebraciones y eventos \u00fanicos en la playa, con el mar de fondo. Nos dedicamos al alquiler de un espacio exclusivo para cualquier fiesta especial como una boda, cumplea\u00f1os, aniversario de bodas, comuniones, inauguraciones, cocktails, [&hellip;]<\/p>\n","protected":false},"author":1,"featured_media":0,"parent":0,"menu_order":0,"comment_status":"closed","ping_status":"closed","template":"","meta":{"_et_pb_use_builder":"on","_et_pb_old_content":"","_et_gb_content_width":"","footnotes":""},"class_list":["post-108","page","type-page","status-publish","hentry"],"_links":{"self":[{"href":"https:\/\/calaclemence.com\/index.php?rest_route=\/wp\/v2\/pages\/108","targetHints":{"allow":["GET"]}}],"collection":[{"href":"https:\/\/calaclemence.com\/index.php?rest_route=\/wp\/v2\/pages"}],"about":[{"href":"https:\/\/calaclemence.com\/index.php?rest_route=\/wp\/v2\/types\/page"}],"author":[{"embeddable":true,"href":"https:\/\/calaclemence.com\/index.php?rest_route=\/wp\/v2\/users\/1"}],"replies":[{"embeddable":true,"href":"https:\/\/calaclemence.com\/index.php?rest_route=%2Fwp%2Fv2%2Fcomments&post=108"}],"version-history":[{"count":25,"href":"https:\/\/calaclemence.com\/index.php?rest_route=\/wp\/v2\/pages\/108\/revisions"}],"predecessor-version":[{"id":1183,"href":"https:\/\/calaclemence.com\/index.php?rest_route=\/wp\/v2\/pages\/108\/revisions\/1183"}],"wp:attachment":[{"href":"https:\/\/calaclemence.com\/index.php?rest_route=%2Fwp%2Fv2%2Fmedia&parent=108"}],"curies":[{"name":"wp","href":"https:\/\/api.w.org\/{rel}","templated":true}]}}